{"id":678,"date":"2024-11-07T14:27:31","date_gmt":"2024-11-07T14:27:31","guid":{"rendered":"http:\/\/biodelicies02.wordpress.com\/?page_id=1"},"modified":"2026-04-27T13:20:22","modified_gmt":"2026-04-27T11:20:22","slug":"acerca-de","status":"publish","type":"page","link":"https:\/\/biodelicies.com\/?page_id=678","title":{"rendered":"NUESTROS PRODUCTOS"},"content":{"rendered":"\n<div style=\"height:42px\" aria-hidden=\"true\" class=\"wp-block-spacer\"><\/div>\n\n\n\n<div class=\"wp-block-columns alignwide is-layout-flex wp-container-core-columns-is-layout-28f84493 wp-block-columns-is-layout-flex\">\n<div class=\"wp-block-column is-layout-flow wp-block-column-is-layout-flow\">\n<figure class=\"wp-block-gallery has-nested-images columns-default is-cropped wp-block-gallery-1 is-layout-flex wp-block-gallery-is-layout-flex\">\n<figure class=\"wp-block-image size-large\"><img loading=\"lazy\" decoding=\"async\" width=\"644\" height=\"1024\" data-id=\"744\" src=\"https:\/\/biodelicies.com\/wp-content\/uploads\/2026\/03\/Carrot-Cookie-web_page-0001-644x1024.jpg\" alt=\"CARROT COOKIE\" class=\"wp-image-744\" srcset=\"https:\/\/biodelicies.com\/wp-content\/uploads\/2026\/03\/Carrot-Cookie-web_page-0001-644x1024.jpg 644w, https:\/\/biodelicies.com\/wp-content\/uploads\/2026\/03\/Carrot-Cookie-web_page-0001-189x300.jpg 189w, https:\/\/biodelicies.com\/wp-content\/uploads\/2026\/03\/Carrot-Cookie-web_page-0001-768x1221.jpg 768w, https:\/\/biodelicies.com\/wp-content\/uploads\/2026\/03\/Carrot-Cookie-web_page-0001-967x1536.jpg 967w, https:\/\/biodelicies.com\/wp-content\/uploads\/2026\/03\/Carrot-Cookie-web_page-0001-1289x2048.jpg 1289w, https:\/\/biodelicies.com\/wp-content\/uploads\/2026\/03\/Carrot-Cookie-web_page-0001.jpg 1300w\" sizes=\"auto, (max-width: 644px) 100vw, 644px\" \/><\/figure>\n<\/figure>\n\n\n\n<h2 class=\"wp-block-heading has-text-align-center has-text-color has-link-color wp-elements-9bcd083f76720a0ac59caf583eb83922\" style=\"color:#ff914d\"><strong>CARROT COOKIE<\/strong><\/h2>\n\n\n\n<p>Galletas de avena integral sin gluten, con zanahoria, nueces, coco y especias. Edulcoradas \u00fanicamente con fruta y hechas con aceite de oliva virgen extra.<\/p>\n<\/div>\n\n\n\n<div class=\"wp-block-column is-layout-flow wp-block-column-is-layout-flow\">\n<figure class=\"wp-block-gallery has-nested-images columns-default is-cropped wp-block-gallery-2 is-layout-flex wp-block-gallery-is-layout-flex\">\n<figure class=\"wp-block-image size-large\"><img loading=\"lazy\" decoding=\"async\" width=\"644\" height=\"1024\" data-id=\"1009\" src=\"https:\/\/biodelicies.com\/wp-content\/uploads\/2026\/04\/Manzana-WEB-644x1024.png\" alt=\"\" class=\"wp-image-1009\" srcset=\"https:\/\/biodelicies.com\/wp-content\/uploads\/2026\/04\/Manzana-WEB-644x1024.png 644w, https:\/\/biodelicies.com\/wp-content\/uploads\/2026\/04\/Manzana-WEB-189x300.png 189w, https:\/\/biodelicies.com\/wp-content\/uploads\/2026\/04\/Manzana-WEB-768x1222.png 768w, https:\/\/biodelicies.com\/wp-content\/uploads\/2026\/04\/Manzana-WEB-965x1536.png 965w, https:\/\/biodelicies.com\/wp-content\/uploads\/2026\/04\/Manzana-WEB.png 1257w\" sizes=\"auto, (max-width: 644px) 100vw, 644px\" \/><\/figure>\n<\/figure>\n\n\n\n<h2 class=\"wp-block-heading has-text-align-center has-text-color has-link-color wp-elements-970d9e62b693eb7c32f258756385ef4c\" style=\"color:#df3b39\"><strong><strong>MANZANA Y CANELA<\/strong><\/strong><\/h2>\n\n\n\n<p>Galletas de avena integral sin gluten, con manzana y canela. Hechas con aceite de oliva virgen extra.<\/p>\n<\/div>\n\n\n\n<div class=\"wp-block-column is-layout-flow wp-block-column-is-layout-flow\">\n<figure class=\"wp-block-gallery has-nested-images columns-default is-cropped wp-block-gallery-3 is-layout-flex wp-block-gallery-is-layout-flex\">\n<figure class=\"wp-block-image size-large\"><img loading=\"lazy\" decoding=\"async\" width=\"644\" height=\"1024\" data-id=\"743\" src=\"https:\/\/biodelicies.com\/wp-content\/uploads\/2026\/03\/Galletas-Saladas-web_page-0001-644x1024.jpg\" alt=\"GALLETAS SALADAS\" class=\"wp-image-743\" srcset=\"https:\/\/biodelicies.com\/wp-content\/uploads\/2026\/03\/Galletas-Saladas-web_page-0001-644x1024.jpg 644w, https:\/\/biodelicies.com\/wp-content\/uploads\/2026\/03\/Galletas-Saladas-web_page-0001-189x300.jpg 189w, https:\/\/biodelicies.com\/wp-content\/uploads\/2026\/03\/Galletas-Saladas-web_page-0001-768x1221.jpg 768w, https:\/\/biodelicies.com\/wp-content\/uploads\/2026\/03\/Galletas-Saladas-web_page-0001-967x1536.jpg 967w, https:\/\/biodelicies.com\/wp-content\/uploads\/2026\/03\/Galletas-Saladas-web_page-0001-1289x2048.jpg 1289w, https:\/\/biodelicies.com\/wp-content\/uploads\/2026\/03\/Galletas-Saladas-web_page-0001.jpg 1300w\" sizes=\"auto, (max-width: 644px) 100vw, 644px\" \/><\/figure>\n<\/figure>\n\n\n\n<h2 class=\"wp-block-heading has-text-align-center has-text-color has-link-color wp-elements-8bf49a9f70437916e1b895e2b0bf350c\" style=\"color:#8dc4ff\"><strong><strong><strong>SALADAS<\/strong><\/strong><\/strong><\/h2>\n\n\n\n<p>Galletas saladas de avena integral sin gluten, con hierbas provenzales, s\u00e9samo y ch\u00eda. Hechas con aceite de oliva virgen extra y 22% de prote\u00edna.<\/p>\n<\/div>\n<\/div>\n\n\n\n<div class=\"wp-block-cover alignwide\"><img loading=\"lazy\" decoding=\"async\" width=\"2560\" height=\"1276\" class=\"wp-block-cover__image-background wp-image-970\" alt=\"\" src=\"https:\/\/biodelicies.com\/wp-content\/uploads\/2026\/04\/Galletas-prehorneado-BD-1-scaled.jpg\" data-object-fit=\"cover\" srcset=\"https:\/\/biodelicies.com\/wp-content\/uploads\/2026\/04\/Galletas-prehorneado-BD-1-scaled.jpg 2560w, https:\/\/biodelicies.com\/wp-content\/uploads\/2026\/04\/Galletas-prehorneado-BD-1-300x150.jpg 300w, https:\/\/biodelicies.com\/wp-content\/uploads\/2026\/04\/Galletas-prehorneado-BD-1-1024x510.jpg 1024w, https:\/\/biodelicies.com\/wp-content\/uploads\/2026\/04\/Galletas-prehorneado-BD-1-768x383.jpg 768w, https:\/\/biodelicies.com\/wp-content\/uploads\/2026\/04\/Galletas-prehorneado-BD-1-1536x766.jpg 1536w, https:\/\/biodelicies.com\/wp-content\/uploads\/2026\/04\/Galletas-prehorneado-BD-1-2048x1021.jpg 2048w\" sizes=\"auto, (max-width: 2560px) 100vw, 2560px\" \/><span aria-hidden=\"true\" class=\"wp-block-cover__background has-background-dim\"><\/span><div class=\"wp-block-cover__inner-container is-layout-flow wp-block-cover-is-layout-flow\">\n<p class=\"has-text-align-center\">NUESTRO OBJETIVO: DISFRUTAR COMIENDO SANO, \u00bfNOS ACOMPA\u00d1AS?<\/p>\n<\/div><\/div>\n\n\n<\/p>","protected":false},"excerpt":{"rendered":"<p>CARROT COOKIE Galletas de avena integral sin gluten, con zanahoria, nueces, coco y especias. Edulcoradas \u00fanicamente con fruta y hechas con aceite de oliva virgen extra. MANZANA Y CANELA Galletas de avena integral sin gluten, con manzana y canela. Hechas con aceite de oliva virgen extra. SALADAS Galletas saladas de avena integral sin gluten, con [&hellip;]<\/p>\n","protected":false},"author":1,"featured_media":0,"parent":0,"menu_order":0,"comment_status":"closed","ping_status":"closed","template":"","meta":{"footnotes":""},"class_list":["post-678","page","type-page","status-publish","hentry"],"_links":{"self":[{"href":"https:\/\/biodelicies.com\/index.php?rest_route=\/wp\/v2\/pages\/678","targetHints":{"allow":["GET"]}}],"collection":[{"href":"https:\/\/biodelicies.com\/index.php?rest_route=\/wp\/v2\/pages"}],"about":[{"href":"https:\/\/biodelicies.com\/index.php?rest_route=\/wp\/v2\/types\/page"}],"author":[{"embeddable":true,"href":"https:\/\/biodelicies.com\/index.php?rest_route=\/wp\/v2\/users\/1"}],"replies":[{"embeddable":true,"href":"https:\/\/biodelicies.com\/index.php?rest_route=%2Fwp%2Fv2%2Fcomments&post=678"}],"version-history":[{"count":70,"href":"https:\/\/biodelicies.com\/index.php?rest_route=\/wp\/v2\/pages\/678\/revisions"}],"predecessor-version":[{"id":1010,"href":"https:\/\/biodelicies.com\/index.php?rest_route=\/wp\/v2\/pages\/678\/revisions\/1010"}],"wp:attachment":[{"href":"https:\/\/biodelicies.com\/index.php?rest_route=%2Fwp%2Fv2%2Fmedia&parent=678"}],"curies":[{"name":"wp","href":"https:\/\/api.w.org\/{rel}","templated":true}]}}