{"id":383,"date":"2024-11-21T15:52:10","date_gmt":"2024-11-21T14:52:10","guid":{"rendered":"https:\/\/biodelicies02.wordpress.com\/?page_id=383"},"modified":"2026-04-16T14:30:45","modified_gmt":"2026-04-16T12:30:45","slug":"383-2","status":"publish","type":"page","link":"https:\/\/biodelicies.com\/?page_id=383","title":{"rendered":"TRABAJA CON NOSOTROS"},"content":{"rendered":"\n<div class=\"wp-block-group alignfull has-global-padding is-content-justification-center is-layout-constrained wp-container-core-group-is-layout-0425e432 wp-block-group-is-layout-constrained\" style=\"margin-top:0;margin-bottom:0;padding-top:calc( 0.5 * var(--wp--style--root--padding-right, var(--wp--custom--gap--horizontal)));padding-right:var(--wp--style--root--padding-right, var(--wp--custom--gap--horizontal));padding-bottom:calc( 0.5 * var(--wp--style--root--padding-right, var(--wp--custom--gap--horizontal)));padding-left:var(--wp--style--root--padding-left, var(--wp--custom--gap--horizontal))\">\n<p class=\"wp-block-heading has-text-align-center has-text-color has-link-color has-nunito-font-family\" style=\"color:#000000;text-transform:none;font-size:200%;\">\n    Trabaja en equipo\n<\/p>\n<\/div>\n\n\n\n<div class=\"wp-block-group alignfull has-global-padding is-content-justification-center is-layout-constrained wp-container-core-group-is-layout-df757ecc wp-block-group-is-layout-constrained\" style=\"margin-top:0;margin-bottom:0;padding-top:calc( 0.5 * var(--wp--style--root--padding-right, var(--wp--custom--gap--horizontal)));padding-right:var(--wp--style--root--padding-right, var(--wp--custom--gap--horizontal));padding-bottom:calc( 0.5 * var(--wp--style--root--padding-right, var(--wp--custom--gap--horizontal)));padding-left:var(--wp--style--root--padding-left, var(--wp--custom--gap--horizontal))\">\n<div class=\"wp-block-columns alignwide is-layout-flex wp-container-core-columns-is-layout-9e5fed7c wp-block-columns-is-layout-flex\" style=\"padding-top:var(--wp--preset--spacing--10);padding-bottom:var(--wp--preset--spacing--10)\">\n<div class=\"wp-block-column is-layout-flow wp-block-column-is-layout-flow\">\n<figure class=\"wp-block-image size-large\"><img loading=\"lazy\" decoding=\"async\" width=\"2084\" height=\"2084\" src=\"https:\/\/biodelicies.com\/wp-content\/uploads\/2024\/11\/cookies-safata-2022833420-e1731065068299.jpg?w=1024\" alt=\"\" class=\"wp-image-116\" srcset=\"https:\/\/biodelicies.com\/wp-content\/uploads\/2024\/11\/cookies-safata-2022833420-e1731065068299.jpg 2084w, https:\/\/biodelicies.com\/wp-content\/uploads\/2024\/11\/cookies-safata-2022833420-e1731065068299-300x300.jpg 300w, https:\/\/biodelicies.com\/wp-content\/uploads\/2024\/11\/cookies-safata-2022833420-e1731065068299-1024x1024.jpg 1024w, https:\/\/biodelicies.com\/wp-content\/uploads\/2024\/11\/cookies-safata-2022833420-e1731065068299-150x150.jpg 150w, https:\/\/biodelicies.com\/wp-content\/uploads\/2024\/11\/cookies-safata-2022833420-e1731065068299-768x768.jpg 768w, https:\/\/biodelicies.com\/wp-content\/uploads\/2024\/11\/cookies-safata-2022833420-e1731065068299-1536x1536.jpg 1536w, https:\/\/biodelicies.com\/wp-content\/uploads\/2024\/11\/cookies-safata-2022833420-e1731065068299-2048x2048.jpg 2048w\" sizes=\"auto, (max-width: 2084px) 100vw, 2084px\" \/><\/figure>\n\n\n\n<div style=\"margin-top:0;margin-bottom:0;height:0px\" aria-hidden=\"true\" class=\"wp-block-spacer\"><\/div>\n<\/div>\n\n\n\n<div class=\"wp-block-column is-layout-flow wp-container-core-column-is-layout-8a368f38 wp-block-column-is-layout-flow\">\n<div class=\"wp-block-group is-vertical is-layout-flex wp-container-core-group-is-layout-fe9cc265 wp-block-group-is-layout-flex\">\n<h3 class=\"wp-block-heading has-text-color has-link-color has-nunito-font-family has-medium-font-size wp-elements-763174c0bc1ab82df5c561539954f737\" style=\"color:#62a344\">VALOR Y TALENTO<\/h3>\n\n\n\n<p class=\"has-nunito-font-family\">Queremos personas que nos aporten valor y talento para gestionar trabajos conjuntos, con el fin de servir una gran calidad y servicio a nuestros clientes.<\/p>\n<\/div>\n\n\n\n<div style=\"height:73px\" aria-hidden=\"true\" class=\"wp-block-spacer\"><\/div>\n\n\n\n<div class=\"wp-block-group is-vertical is-layout-flex wp-container-core-group-is-layout-fe9cc265 wp-block-group-is-layout-flex\">\n<h3 class=\"wp-block-heading has-text-color has-link-color has-nunito-font-family has-medium-font-size wp-elements-26c9e6869639b2ea57b147c008225193\" style=\"color:#62a344\">APORTAR PARA CRECER<\/h3>\n\n\n\n<p class=\"has-nunito-font-family\">Personas que nos ayuden a mejorar, colaborativas y crean en la misi\u00f3n de la empresa.<\/p>\n<\/div>\n<\/div>\n\n\n\n<div class=\"wp-block-column is-layout-flow wp-container-core-column-is-layout-8a368f38 wp-block-column-is-layout-flow\">\n<div class=\"wp-block-group is-vertical is-layout-flex wp-container-core-group-is-layout-fe9cc265 wp-block-group-is-layout-flex\">\n<h3 class=\"wp-block-heading has-text-color has-link-color has-nunito-font-family has-medium-font-size wp-elements-7f5bf68038d6404c40123ae55a2817e1\" style=\"color:#62a344\">FORMACI\u00d3N CONTINUA<\/h3>\n\n\n\n<p class=\"has-nunito-font-family\">Ofrecemos una formaci\u00f3n continua, aprendiendo la metodolog\u00eda en la industria alimentaria en todos los aspectos: productivos, de gesti\u00f3n, administrativos y log\u00edstica.<\/p>\n<\/div>\n\n\n\n<div style=\"height:var(--wp--preset--spacing--30)\" aria-hidden=\"true\" class=\"wp-block-spacer\"><\/div>\n\n\n\n<div class=\"wp-block-group is-vertical is-layout-flex wp-container-core-group-is-layout-fe9cc265 wp-block-group-is-layout-flex\">\n<h3 class=\"wp-block-heading has-text-color has-link-color has-nunito-font-family has-medium-font-size wp-elements-2645f2d4768dc0239a4545da9791a7b1\" style=\"color:#62a344\"><br>TE ESCUCHAMOS<\/h3>\n\n\n\n<p class=\"has-nunito-font-family\">Estamos abiertos a que nos gu\u00edes sobre el puesto que m\u00e1s te guste dentro de la empresa y con dinamismo, para evitar tareas excesivamente mon\u00f3tonas.<\/p>\n<\/div>\n<\/div>\n<\/div>\n<\/div>\n\n\n\n<p><\/p>\n","protected":false},"excerpt":{"rendered":"<p>Trabaja en equipo VALOR Y TALENTO Queremos personas que nos aporten valor y talento para gestionar trabajos conjuntos, con el fin de servir una gran calidad y servicio a nuestros clientes. APORTAR PARA CRECER Personas que nos ayuden a mejorar, colaborativas y crean en la misi\u00f3n de la empresa. FORMACI\u00d3N CONTINUA Ofrecemos una formaci\u00f3n continua, [&hellip;]<\/p>\n","protected":false},"author":1,"featured_media":0,"parent":0,"menu_order":0,"comment_status":"closed","ping_status":"closed","template":"","meta":{"footnotes":""},"class_list":["post-383","page","type-page","status-publish","hentry"],"_links":{"self":[{"href":"https:\/\/biodelicies.com\/index.php?rest_route=\/wp\/v2\/pages\/383","targetHints":{"allow":["GET"]}}],"collection":[{"href":"https:\/\/biodelicies.com\/index.php?rest_route=\/wp\/v2\/pages"}],"about":[{"href":"https:\/\/biodelicies.com\/index.php?rest_route=\/wp\/v2\/types\/page"}],"author":[{"embeddable":true,"href":"https:\/\/biodelicies.com\/index.php?rest_route=\/wp\/v2\/users\/1"}],"replies":[{"embeddable":true,"href":"https:\/\/biodelicies.com\/index.php?rest_route=%2Fwp%2Fv2%2Fcomments&post=383"}],"version-history":[{"count":12,"href":"https:\/\/biodelicies.com\/index.php?rest_route=\/wp\/v2\/pages\/383\/revisions"}],"predecessor-version":[{"id":1012,"href":"https:\/\/biodelicies.com\/index.php?rest_route=\/wp\/v2\/pages\/383\/revisions\/1012"}],"wp:attachment":[{"href":"https:\/\/biodelicies.com\/index.php?rest_route=%2Fwp%2Fv2%2Fmedia&parent=383"}],"curies":[{"name":"wp","href":"https:\/\/api.w.org\/{rel}","templated":true}]}}