{"id":3,"date":"2026-03-17T10:14:14","date_gmt":"2026-03-17T08:14:14","guid":{"rendered":"https:\/\/biodelicies.com\/?page_id=3"},"modified":"2026-04-13T09:33:25","modified_gmt":"2026-04-13T07:33:25","slug":"politica-de-privadesa","status":"publish","type":"page","link":"https:\/\/biodelicies.com\/?page_id=3","title":{"rendered":"Pol\u00edtica de privadesa"},"content":{"rendered":"\n<h2 class=\"wp-block-heading\">1.INFORMACI\u00d3N AL USUARIO<\/h2>\n\n\n\n<p><strong>\u00bfA qui\u00e9n facilitamos tus datos personales?<\/strong><\/p>\n\n\n\n<p>BIODEL\u00cdCIES es el RESPONSABLE del tratamiento de los datos personales del&nbsp;<strong>USUARIO<\/strong>&nbsp;y le informa de que estos datos ser\u00e1n tratados de conformidad con lo dispuesto en el Reglamento (UE) 2016\/679, de 27 de abril (GDPR), y la Ley Org\u00e1nica 3\/2018, de 5 de diciembre (LOPDGDD).<\/p>\n\n\n\n<p><strong>\u00bfPara qu\u00e9 tratamos tus datos personales?<\/strong><\/p>\n\n\n\n<p>Para mantener una relaci\u00f3n comercial con el usuario. Las operaciones previstas para realizar el tratamiento son:<\/p>\n\n\n\n<ul class=\"wp-block-list\">\n<li>Remisi\u00f3n de comunicaciones comerciales publicitarias por e-mail, fax, SMS, MMS, redes sociales o cualquier otro medio electr\u00f3nico o f\u00edsico, presente o futuro, que posibilite realizar comunicaciones comerciales. Estas comunicaciones ser\u00e1n realizadas por el RESPONSABLE y estar\u00e1n relacionadas con sus productos y servicios, o de sus colaboradores o proveedores, con los que este haya alcanzado alg\u00fan acuerdo de promoci\u00f3n. En este caso, los terceros nunca tendr\u00e1n acceso a los datos personales.<\/li>\n\n\n\n<li>Realizar estudios de mercado y an\u00e1lisis estad\u00edsticos.<\/li>\n\n\n\n<li>Tramitar encargos, solicitudes, dar respuesta a las consultas o cualquier tipo de petici\u00f3n que sea realizada por el\u00a0<strong>USUARIO<\/strong>\u00a0a trav\u00e9s de cualquiera de las formas de contacto que se ponen a su disposici\u00f3n en la p\u00e1gina web del RESPONSABLE.<\/li>\n\n\n\n<li>Remitir el bolet\u00edn informativo online, sobre novedades, ofertas y promociones en nuestra actividad.<\/li>\n<\/ul>\n\n\n\n<p><strong>\u00bfPor qu\u00e9 motivo podemos tratar tus datos personales?<\/strong><\/p>\n\n\n\n<p>Porque el tratamiento est\u00e1 legitimado por el art\u00edculo 6 del GDPR de la siguiente forma:<\/p>\n\n\n\n<ul class=\"wp-block-list\">\n<li>Con el consentimiento del\u00a0<strong>USUARIO<\/strong>: remisi\u00f3n de comunicaciones comerciales y del bolet\u00edn informativo.<\/li>\n\n\n\n<li>Por inter\u00e9s leg\u00edtimo del RESPONSABLE: realizar estudios de mercado, an\u00e1lisis estad\u00edsticos, etc. y tramitar encargos, solicitudes, etc. a petici\u00f3n del\u00a0<strong>USUARIO<\/strong>.<\/li>\n<\/ul>\n\n\n\n<p><strong>\u00bfDurante cu\u00e1nto tiempo guardaremos tus datos personales?<\/strong><\/p>\n\n\n\n<p>Se conservar\u00e1n durante no m\u00e1s tiempo del necesario para mantener el fin del tratamiento o existan prescripciones legales que dictaminen su custodia y cuando ya no sea necesario para ello, se suprimir\u00e1n con medidas de seguridad adecuadas para garantizar la anonimizaci\u00f3n de los datos o la destrucci\u00f3n total de los mismos.<\/p>\n\n\n\n<p><strong>\u00bfA qui\u00e9n facilitamos tus datos personales?<\/strong><\/p>\n\n\n\n<p>No est\u00e1 prevista ninguna comunicaci\u00f3n de datos personales a terceros salvo, si fuese necesario para el desarrollo y ejecuci\u00f3n de las finalidades del tratamiento, a nuestros proveedores de servicios relacionados con comunicaciones, con los cuales el RESPONSABLE tiene suscritos los contratos de confidencialidad y de encargado de tratamiento exigidos por la normativa vigente de privacidad.<\/p>\n\n\n\n<p><strong>\u00bfCu\u00e1les son tus derechos?<\/strong><\/p>\n\n\n\n<p>Los derechos que asisten al&nbsp;<strong>USUARIO<\/strong>&nbsp;son:<\/p>\n\n\n\n<ul class=\"wp-block-list\">\n<li>Derecho a retirar el consentimiento en cualquier momento.<\/li>\n\n\n\n<li>Derecho de acceso, rectificaci\u00f3n, portabilidad y supresi\u00f3n de sus datos, y de limitaci\u00f3n u oposici\u00f3n a su tratamiento.<\/li>\n\n\n\n<li>Derecho a presentar una reclamaci\u00f3n ante la autoridad de control (www.aepd.es) si considera que el tratamiento no se ajusta a la normativa vigente.<\/li>\n<\/ul>\n\n\n\n<p>Datos de contacto para ejercer sus derechos:<\/p>\n\n\n\n<ul class=\"wp-block-list\">\n<li>BIODEL\u00cdCIES. C\/ Suecia 7, Les Franqueses del Vall\u00e8s. 08520 BARCELONA biodelicies@biodelicies.com<\/li>\n<\/ul>\n\n\n\n<p>2.CAR\u00c1CTER OBLIGATORIO O FACULTATIVO DE LA INFORMACI\u00d3N FACILITADA POR EL USUARIO<\/p>\n\n\n\n<p>Los&nbsp;<strong>USUARIO<\/strong>S, mediante la marcaci\u00f3n de las casillas correspondientes y la entrada de datos en los campos, marcados con un asterisco (*) en el formulario de contacto o presentados en formularios de descarga, aceptan expresamente y de forma libre e inequ\u00edvoca, que sus datos son necesarios para atender su petici\u00f3n, por parte del prestador, siendo voluntaria la inclusi\u00f3n de datos en los campos restantes. El&nbsp;<strong>USUARIO<\/strong>&nbsp;garantiza que los datos personales facilitados al RESPONSABLE son veraces y se hace responsable de comunicar cualquier modificaci\u00f3n de los mismos.<\/p>\n\n\n\n<p>El RESPONSABLE informa de que todos los datos solicitados a trav\u00e9s del sitio web son obligatorios, ya que son necesarios para la prestaci\u00f3n de un servicio \u00f3ptimo al&nbsp;<strong>USUARIO<\/strong>. En caso de que no se faciliten todos los datos, no se garantiza que la informaci\u00f3n y servicios facilitados sean completamente ajustados a sus necesidades.<\/p>\n\n\n\n<p>3.MEDIDAS DE SEGURIDAD<\/p>\n\n\n\n<p>Que de conformidad con lo dispuesto en las normativas vigentes en protecci\u00f3n de datos personales, el RESPONSABLE est\u00e1 cumpliendo con todas las disposiciones de las normativas GDPR y LOPDGDD para el tratamiento de los datos personales de su responsabilidad, y manifiestamente con los principios descritos en el art\u00edculo 5 del GDPR, por los cuales son tratados de manera l\u00edcita, leal y transparente en relaci\u00f3n con el interesado y adecuados, pertinentes y limitados a lo necesario en relaci\u00f3n con los fines para los que son tratados.<\/p>\n\n\n\n<p>El RESPONSABLE garantiza que ha implementado pol\u00edticas t\u00e9cnicas y organizativas apropiadas para aplicar las medidas de seguridad que establecen el GDPR y la LOPDGDD con el fin de proteger los derechos y libertades de los&nbsp;<strong>USUARIO<\/strong>S y les ha comunicado la informaci\u00f3n adecuada para que puedan ejercerlos.<\/p>\n\n\n\n<ul class=\"wp-block-list\">\n<li>Para m\u00e1s informaci\u00f3n sobre las garant\u00edas de privacidad, puedes dirigirte al RESPONSABLE a trav\u00e9s de BIODEL\u00cdCIES. C\/ Suecia 7, Les Franqueses del Vall\u00e8s. 08520 BARCELONA biodelicies@biodelicies.com<\/li>\n<\/ul>\n\n\n\n<p>4.BAJA DE NEWSLETTER<\/p>\n\n\n\n<p>Si ha recibido nuestra newsletter y no quiere volver hacerlo p\u00f3ngase en contacto al correo: &nbsp;biodelicies@biodelicies.com o\/y llamando al +34 93 744 46 81.<\/p>\n","protected":false},"excerpt":{"rendered":"<p>1.INFORMACI\u00d3N AL USUARIO \u00bfA qui\u00e9n facilitamos tus datos personales? BIODEL\u00cdCIES es el RESPONSABLE del tratamiento de los datos personales del&nbsp;USUARIO&nbsp;y le informa de que estos datos ser\u00e1n tratados de conformidad con lo dispuesto en el Reglamento (UE) 2016\/679, de 27 de abril (GDPR), y la Ley Org\u00e1nica 3\/2018, de 5 de diciembre (LOPDGDD). \u00bfPara qu\u00e9 [&hellip;]<\/p>\n","protected":false},"author":1,"featured_media":0,"parent":0,"menu_order":0,"comment_status":"closed","ping_status":"open","template":"","meta":{"footnotes":""},"class_list":["post-3","page","type-page","status-publish","hentry"],"_links":{"self":[{"href":"https:\/\/biodelicies.com\/index.php?rest_route=\/wp\/v2\/pages\/3","targetHints":{"allow":["GET"]}}],"collection":[{"href":"https:\/\/biodelicies.com\/index.php?rest_route=\/wp\/v2\/pages"}],"about":[{"href":"https:\/\/biodelicies.com\/index.php?rest_route=\/wp\/v2\/types\/page"}],"author":[{"embeddable":true,"href":"https:\/\/biodelicies.com\/index.php?rest_route=\/wp\/v2\/users\/1"}],"replies":[{"embeddable":true,"href":"https:\/\/biodelicies.com\/index.php?rest_route=%2Fwp%2Fv2%2Fcomments&post=3"}],"version-history":[{"count":1,"href":"https:\/\/biodelicies.com\/index.php?rest_route=\/wp\/v2\/pages\/3\/revisions"}],"predecessor-version":[{"id":938,"href":"https:\/\/biodelicies.com\/index.php?rest_route=\/wp\/v2\/pages\/3\/revisions\/938"}],"wp:attachment":[{"href":"https:\/\/biodelicies.com\/index.php?rest_route=%2Fwp%2Fv2%2Fmedia&parent=3"}],"curies":[{"name":"wp","href":"https:\/\/api.w.org\/{rel}","templated":true}]}}