{"id":144,"date":"2024-11-08T14:35:41","date_gmt":"2024-11-08T13:35:41","guid":{"rendered":"https:\/\/biodelicies02.wordpress.com\/?page_id=144"},"modified":"2026-04-13T14:18:04","modified_gmt":"2026-04-13T12:18:04","slug":"144-2","status":"publish","type":"page","link":"https:\/\/biodelicies.com\/?page_id=144","title":{"rendered":"NUESTRO RECORRIDO"},"content":{"rendered":"\n<div class=\"wp-block-group alignfull has-global-padding is-content-justification-center is-layout-constrained wp-container-core-group-is-layout-df757ecc wp-block-group-is-layout-constrained\" style=\"margin-top:0;margin-bottom:0;padding-top:calc( 0.5 * var(--wp--style--root--padding-right, var(--wp--custom--gap--horizontal)));padding-right:var(--wp--style--root--padding-right, var(--wp--custom--gap--horizontal));padding-bottom:calc( 0.5 * var(--wp--style--root--padding-right, var(--wp--custom--gap--horizontal)));padding-left:var(--wp--style--root--padding-left, var(--wp--custom--gap--horizontal))\">\n<div class=\"wp-block-group alignfull has-global-padding is-layout-constrained wp-block-group-is-layout-constrained\">\n<div style=\"height:8px\" aria-hidden=\"true\" class=\"wp-block-spacer\"><\/div>\n\n\n\n<div class=\"wp-block-columns alignwide are-vertically-aligned-center is-layout-flex wp-container-core-columns-is-layout-122210a4 wp-block-columns-is-layout-flex\" style=\"padding-top:var(--wp--preset--spacing--20);padding-bottom:var(--wp--preset--spacing--20)\">\n<div class=\"wp-block-column is-vertically-aligned-center has-global-padding is-content-justification-left is-layout-constrained wp-container-core-column-is-layout-12dd3699 wp-block-column-is-layout-constrained\" style=\"flex-basis:30%\">\n<h3 class=\"wp-block-heading has-text-align-center is-event-date has-text-color has-link-color has-nunito-font-family wp-elements-5edc2bf6602a6ccce99a45dd458464e5\" style=\"border-style:none;border-width:0px;color:#981e1d;font-size:clamp(28.836px, 1.802rem + ((1vw - 3.2px) * 2.075), 50px);\">     1900<\/h3>\n<\/div>\n\n\n\n<div class=\"wp-block-column is-vertically-aligned-center is-layout-flow wp-container-core-column-is-layout-6b73ce23 wp-block-column-is-layout-flow\">\n<h2 class=\"wp-block-heading is-event-location has-theme-5-color has-text-color has-link-color has-nunito-font-family wp-elements-f53552390f50b90cdd63e320949f5710\" style=\"font-size:clamp(17.371px, 1.086rem + ((1vw - 3.2px) * 0.944), 27px);\">CARDONA<\/h2>\n\n\n\n<p class=\"has-text-align-justify has-nunito-font-family has-small-font-size\">Los or\u00edgenes de la familia se remontan a Cardona, donde todo comenz\u00f3 con un prop\u00f3sito sencillo pero esencial: elaborar pan para todo el pueblo. Con el uso de amasadoras, ya entonces apostaban por la innovaci\u00f3n dentro de la tradici\u00f3n. <\/p>\n\n\n\n<p class=\"has-text-align-justify has-nunito-font-family has-small-font-size\">Uno de los hijos decidi\u00f3 dar un paso m\u00e1s all\u00e1 y modernizar el oficio incorporando hornos de le\u00f1a. Este impulso emprendedor le llev\u00f3 a abrir su primer horno en Santa Coloma de Gramenet. Fue all\u00ed donde su hija conoci\u00f3 al abuelo de Jaume, con quien form\u00f3 una familia. Su hijo continu\u00f3 trabajando en el horno de Santa Coloma, mientras la siguiente generaci\u00f3n abr\u00eda un nuevo establecimiento en Sant Andreu, en Barcelona.<\/p>\n<\/div>\n<\/div>\n\n\n\n<hr class=\"wp-block-separator alignwide has-text-color has-theme-4-color has-alpha-channel-opacity has-theme-4-background-color has-background is-style-wide is-style-wide--1\" style=\"margin-top:24px;margin-bottom:24px\"\/>\n\n\n\n<div class=\"wp-block-columns alignwide are-vertically-aligned-center is-layout-flex wp-container-core-columns-is-layout-6f158ea8 wp-block-columns-is-layout-flex\" style=\"padding-top:0;padding-bottom:0\">\n<div class=\"wp-block-column is-vertically-aligned-center has-global-padding is-content-justification-left is-layout-constrained wp-container-core-column-is-layout-12dd3699 wp-block-column-is-layout-constrained\" style=\"flex-basis:30%\">\n<h3 class=\"wp-block-heading has-text-align-center has-text-color has-link-color has-nunito-font-family wp-elements-3f1c69fde2afd2726064caee64942b31\" style=\"color:#981e1d;font-size:clamp(28.836px, 1.802rem + ((1vw - 3.2px) * 2.075), 50px);\">     1968<\/h3>\n<\/div>\n\n\n\n<div class=\"wp-block-column is-vertically-aligned-center is-layout-flow wp-container-core-column-is-layout-6b73ce23 wp-block-column-is-layout-flow\">\n<h2 class=\"wp-block-heading has-theme-5-color has-text-color has-link-color has-nunito-font-family wp-elements-7ae0a9fdf13986113a55932470f88792\" style=\"font-size:clamp(17.371px, 1.086rem + ((1vw - 3.2px) * 0.944), 27px);\">ROSES<\/h2>\n\n\n\n<p class=\"is-event-location has-nunito-font-family has-small-font-size\">Con el deseo de acercarse al mar y explorar nuevos horizontes, los padres de Jaume decidieron trasladarse a Roses, donde abrieron un nuevo horno y siguieron cultivando la tradici\u00f3n familiar.<\/p>\n<\/div>\n<\/div>\n\n\n\n<hr class=\"wp-block-separator alignwide has-text-color has-theme-4-color has-alpha-channel-opacity has-theme-4-background-color has-background is-style-wide is-style-wide--2\" style=\"margin-top:24px;margin-bottom:24px\"\/>\n\n\n\n<div class=\"wp-block-columns alignwide are-vertically-aligned-center is-layout-flex wp-container-core-columns-is-layout-6f158ea8 wp-block-columns-is-layout-flex\" style=\"padding-top:0;padding-bottom:0\">\n<div class=\"wp-block-column is-vertically-aligned-center has-global-padding is-content-justification-left is-layout-constrained wp-container-core-column-is-layout-12dd3699 wp-block-column-is-layout-constrained\" style=\"flex-basis:30%\">\n<h3 class=\"wp-block-heading has-text-align-center is-event-date has-text-color has-link-color has-nunito-font-family wp-elements-abdb730c343532061bb7e4c2c0e6906c\" style=\"color:#981e1d;font-size:clamp(28.836px, 1.802rem + ((1vw - 3.2px) * 2.075), 50px);\">     1977<\/h3>\n<\/div>\n\n\n\n<div class=\"wp-block-column is-vertically-aligned-center is-layout-flow wp-container-core-column-is-layout-6b73ce23 wp-block-column-is-layout-flow\">\n<h4 class=\"wp-block-heading is-event-name has-theme-5-color has-text-color has-link-color has-nunito-font-family wp-elements-5c4ae7bfb7b34c410be12445b50d97b7\" style=\"font-size:clamp(17.371px, 1.086rem + ((1vw - 3.2px) * 0.944), 27px);\">BARCELONA<\/h4>\n\n\n\n<p class=\"is-event-location has-nunito-font-family has-small-font-size\">Tras su etapa en Roses, regresaron a Barcelona, esta vez adentr\u00e1ndose m\u00e1s en la ciudad y estableciendo su nuevo horno en el Passeig Maragall, consolidando su presencia en un entorno urbano en crecimiento.<\/p>\n<\/div>\n<\/div>\n\n\n\n<hr class=\"wp-block-separator alignwide has-text-color has-theme-4-color has-alpha-channel-opacity has-theme-4-background-color has-background is-style-wide is-style-wide--3\" style=\"margin-top:24px;margin-bottom:24px\"\/>\n\n\n\n<div class=\"wp-block-columns alignwide are-vertically-aligned-center is-layout-flex wp-container-core-columns-is-layout-6f158ea8 wp-block-columns-is-layout-flex\" style=\"padding-top:0;padding-bottom:0\">\n<div class=\"wp-block-column is-vertically-aligned-center has-global-padding is-content-justification-left is-layout-constrained wp-container-core-column-is-layout-12dd3699 wp-block-column-is-layout-constrained\" style=\"flex-basis:30%\">\n<h3 class=\"wp-block-heading has-text-align-center is-event-date has-text-color has-link-color has-nunito-font-family wp-elements-bb489ad246312599b5a4d0f1704d10cc\" style=\"color:#981e1d;font-size:clamp(28.836px, 1.802rem + ((1vw - 3.2px) * 2.075), 50px);\">    1985<\/h3>\n<\/div>\n\n\n\n<div class=\"wp-block-column is-vertically-aligned-center is-layout-flow wp-container-core-column-is-layout-6b73ce23 wp-block-column-is-layout-flow\">\n<h4 class=\"wp-block-heading is-event-name has-theme-5-color has-text-color has-link-color has-nunito-font-family wp-elements-5c4ae7bfb7b34c410be12445b50d97b7\" style=\"font-size:clamp(17.371px, 1.086rem + ((1vw - 3.2px) * 0.944), 27px);\">BARCELONA<\/h4>\n\n\n\n<p class=\"is-event-location has-nunito-font-family has-small-font-size\">Este fue un momento clave en la evoluci\u00f3n del negocio: Jaume apost\u00f3 por los productos integrales, adelant\u00e1ndose a una tendencia que hoy es esencial. Desde el barrio del Poblenou, gestionaban tres espacios diferenciados: uno dedicado a la elaboraci\u00f3n de pan, otro a la boller\u00eda y un tercero centrado exclusivamente en la venta.<\/p>\n<\/div>\n<\/div>\n\n\n\n<hr class=\"wp-block-separator alignwide has-text-color has-theme-4-color has-alpha-channel-opacity has-theme-4-background-color has-background is-style-wide is-style-wide--4\" style=\"margin-top:24px;margin-bottom:24px\"\/>\n\n\n\n<div class=\"wp-block-columns alignwide are-vertically-aligned-center is-layout-flex wp-container-core-columns-is-layout-6f158ea8 wp-block-columns-is-layout-flex\" style=\"padding-top:0;padding-bottom:0\">\n<div class=\"wp-block-column is-vertically-aligned-center has-global-padding is-content-justification-left is-layout-constrained wp-container-core-column-is-layout-12dd3699 wp-block-column-is-layout-constrained\" style=\"flex-basis:30%\">\n<h3 class=\"wp-block-heading has-text-align-center is-event-date has-text-color has-link-color has-nunito-font-family wp-elements-75c0c62768dcde3851f081f4783d5d22\" style=\"color:#981e1d;font-size:clamp(28.836px, 1.802rem + ((1vw - 3.2px) * 2.075), 50px);\">     2003<\/h3>\n<\/div>\n\n\n\n<div class=\"wp-block-column is-vertically-aligned-center is-layout-flow wp-container-core-column-is-layout-6b73ce23 wp-block-column-is-layout-flow\">\n<h4 class=\"wp-block-heading is-event-name has-theme-5-color has-text-color has-link-color has-nunito-font-family wp-elements-64f59a5770f63bf914d084ef68cbb3c1\" style=\"font-size:clamp(17.371px, 1.086rem + ((1vw - 3.2px) * 0.944), 27px);\">TERRASSA<\/h4>\n\n\n\n<p class=\"is-event-location has-nunito-font-family has-small-font-size\">Jaume dio un nuevo impulso al proyecto con la apertura de un obrador en Terrassa, especializado en productos horneados ecol\u00f3gicos. Aqu\u00ed naci\u00f3 la marca <strong>\u201cProductes Integrals del Jaume\u201d<\/strong>, reflejo de un compromiso firme con la calidad y la alimentaci\u00f3n saludable. Con el tiempo, se incorpor\u00f3 Marc, hijo de Jaume y actual s\u00e9ptima generaci\u00f3n de panaderos, quien aport\u00f3 una nueva visi\u00f3n al proyecto.<\/p>\n<\/div>\n<\/div>\n\n\n\n<hr class=\"wp-block-separator alignwide has-text-color has-theme-4-color has-alpha-channel-opacity has-theme-4-background-color has-background is-style-wide is-style-wide--5\" style=\"margin-top:24px;margin-bottom:24px\"\/>\n\n\n\n<div class=\"wp-block-columns alignwide are-vertically-aligned-center is-layout-flex wp-container-core-columns-is-layout-6f158ea8 wp-block-columns-is-layout-flex\" style=\"padding-top:0;padding-bottom:0\">\n<div class=\"wp-block-column is-vertically-aligned-center has-global-padding is-content-justification-left is-layout-constrained wp-container-core-column-is-layout-12dd3699 wp-block-column-is-layout-constrained\" style=\"flex-basis:30%\">\n<h3 class=\"wp-block-heading has-text-align-center is-event-date has-text-color has-link-color has-nunito-font-family wp-elements-4652f267c774f7aecf0a355879af352b\" style=\"color:#981e1d;font-size:clamp(28.836px, 1.802rem + ((1vw - 3.2px) * 2.075), 50px);\">     2007<\/h3>\n<\/div>\n\n\n\n<div class=\"wp-block-column is-vertically-aligned-center is-layout-flow wp-container-core-column-is-layout-6b73ce23 wp-block-column-is-layout-flow\">\n<h4 class=\"wp-block-heading is-event-name has-theme-5-color has-text-color has-link-color has-nunito-font-family wp-elements-c396524596b40dabb020352ec47a088a\" style=\"font-size:clamp(17.371px, 1.086rem + ((1vw - 3.2px) * 0.944), 27px);\">CASTELLCIR<\/h4>\n\n\n\n<p class=\"is-event-location has-nunito-font-family has-small-font-size\">En Castellcir, trabajando de forma m\u00e1s cercana y artesanal, Marc impulsa una nueva etapa y crea el nombre que define la identidad actual: <strong>BioDel\u00edcies<\/strong>. Bajo esta marca comienzan a comercializar productos de panader\u00eda ecol\u00f3gica como pan, palmeritas, galletas y bastones de pan. Durante estos a\u00f1os, la empresa crece de forma progresiva, participando en ferias y ampliando su alcance.<\/p>\n<\/div>\n<\/div>\n\n\n\n<hr class=\"wp-block-separator alignwide has-text-color has-theme-4-color has-alpha-channel-opacity has-theme-4-background-color has-background is-style-wide is-style-wide--6\" style=\"margin-top:24px;margin-bottom:24px\"\/>\n\n\n\n<div class=\"wp-block-columns alignwide are-vertically-aligned-center is-layout-flex wp-container-core-columns-is-layout-6f158ea8 wp-block-columns-is-layout-flex\" style=\"padding-top:0;padding-bottom:0\">\n<div class=\"wp-block-column is-vertically-aligned-center has-global-padding is-content-justification-left is-layout-constrained wp-container-core-column-is-layout-12dd3699 wp-block-column-is-layout-constrained\" style=\"flex-basis:30%\">\n<h3 class=\"wp-block-heading has-text-align-center is-event-date has-text-color has-link-color has-nunito-font-family wp-elements-55f9acf8400016d7e512866e7a3ce7ae\" style=\"color:#981e1d;font-size:clamp(28.836px, 1.802rem + ((1vw - 3.2px) * 2.075), 50px);\">     2017<\/h3>\n<\/div>\n\n\n\n<div class=\"wp-block-column is-vertically-aligned-center is-layout-flow wp-container-core-column-is-layout-6b73ce23 wp-block-column-is-layout-flow\">\n<h4 class=\"wp-block-heading is-event-name has-theme-5-color has-text-color has-link-color has-nunito-font-family wp-elements-e2bf49e1a82ca6f9e3992a8057bce5d4\" style=\"font-size:clamp(17.371px, 1.086rem + ((1vw - 3.2px) * 0.944), 27px);\">LES FRANQUESES DEL VALL\u00c8S<\/h4>\n\n\n\n<p class=\"is-event-location has-nunito-font-family has-small-font-size\">Tras a\u00f1os de constantes desplazamientos para distribuir sus productos, se toma una decisi\u00f3n estrat\u00e9gica: trasladar el obrador a una ubicaci\u00f3n m\u00e1s eficiente. Les Franqueses del Vall\u00e8s se convierte en la nueva sede, donde hoy se encuentran las oficinas y la nave de producci\u00f3n de BioDel\u00edcies.<\/p>\n<\/div>\n<\/div>\n\n\n\n<hr class=\"wp-block-separator alignwide has-text-color has-theme-4-color has-alpha-channel-opacity has-theme-4-background-color has-background is-style-wide is-style-wide--7\" style=\"margin-top:24px;margin-bottom:24px\"\/>\n\n\n\n<div class=\"wp-block-columns alignwide are-vertically-aligned-center is-layout-flex wp-container-core-columns-is-layout-6f158ea8 wp-block-columns-is-layout-flex\" style=\"padding-top:0;padding-bottom:0\">\n<div class=\"wp-block-column is-vertically-aligned-center has-global-padding is-content-justification-left is-layout-constrained wp-container-core-column-is-layout-12dd3699 wp-block-column-is-layout-constrained\" style=\"flex-basis:30%\">\n<h3 class=\"wp-block-heading has-text-align-center is-event-date has-text-color has-link-color has-nunito-font-family wp-elements-3c8b6ec8347fcc3d09f7226abcaffd02\" style=\"color:#981e1d;font-size:clamp(28.836px, 1.802rem + ((1vw - 3.2px) * 2.075), 50px);\">     2022<\/h3>\n<\/div>\n\n\n\n<div class=\"wp-block-column is-vertically-aligned-center is-layout-flow wp-container-core-column-is-layout-6b73ce23 wp-block-column-is-layout-flow\">\n<h4 class=\"wp-block-heading is-event-name has-theme-5-color has-text-color has-link-color has-nunito-font-family wp-elements-e2bf49e1a82ca6f9e3992a8057bce5d4\" style=\"font-size:clamp(17.371px, 1.086rem + ((1vw - 3.2px) * 0.944), 27px);\">LES FRANQUESES DEL VALL\u00c8S<\/h4>\n\n\n\n<p class=\"is-event-location has-nunito-font-family has-small-font-size\">Con una trayectoria consolidada y una cartera de clientes en crecimiento, la empresa decide especializarse en la producci\u00f3n de galletas y muesli\/granola ecol\u00f3gicos. Este enfoque permite optimizar procesos y reforzar su posicionamiento.<\/p>\n<\/div>\n<\/div>\n\n\n\n<hr class=\"wp-block-separator alignwide has-text-color has-theme-4-color has-alpha-channel-opacity has-theme-4-background-color has-background is-style-wide is-style-wide--8\" style=\"margin-top:24px;margin-bottom:24px\"\/>\n\n\n\n<div class=\"wp-block-columns alignwide are-vertically-aligned-center is-layout-flex wp-container-core-columns-is-layout-6f158ea8 wp-block-columns-is-layout-flex\" style=\"padding-top:0;padding-bottom:0\">\n<div class=\"wp-block-column is-vertically-aligned-center has-global-padding is-content-justification-left is-layout-constrained wp-container-core-column-is-layout-12dd3699 wp-block-column-is-layout-constrained\" style=\"flex-basis:30%\">\n<h3 class=\"wp-block-heading has-text-align-center is-event-date has-text-color has-link-color has-nunito-font-family wp-elements-8f02ae3ff392fe65df5f0fd7b8acd2bf\" style=\"color:#981e1d;font-size:clamp(28.836px, 1.802rem + ((1vw - 3.2px) * 2.075), 50px);\">     HOY<\/h3>\n<\/div>\n\n\n\n<div class=\"wp-block-column is-vertically-aligned-center is-layout-flow wp-container-core-column-is-layout-6b73ce23 wp-block-column-is-layout-flow\">\n<h4 class=\"wp-block-heading is-event-name has-theme-5-color has-text-color has-link-color has-nunito-font-family wp-elements-e2bf49e1a82ca6f9e3992a8057bce5d4\" style=\"font-size:clamp(17.371px, 1.086rem + ((1vw - 3.2px) * 0.944), 27px);\">LES FRANQUESES DEL VALL\u00c8S<\/h4>\n\n\n\n<p class=\"is-event-location has-nunito-font-family has-small-font-size\">BioDel\u00edcies contin\u00faa evolucionando con una estructura s\u00f3lida, fiel a sus ra\u00edces artesanas y comprometida con la calidad, la seguridad alimentaria y la innovaci\u00f3n. Una historia construida generaci\u00f3n tras generaci\u00f3n, donde tradici\u00f3n y futuro avanzan de la mano.<\/p>\n<\/div>\n<\/div>\n<\/div>\n<\/div>\n\n\n\n<div class=\"wp-block-group alignwide is-nowrap is-layout-flex wp-container-core-group-is-layout-6c531013 wp-block-group-is-layout-flex\">\n<figure class=\"wp-block-image size-full is-resized\"><img loading=\"lazy\" decoding=\"async\" width=\"531\" height=\"413\" src=\"https:\/\/biodelicies.com\/wp-content\/uploads\/2024\/11\/captura-de-pantalla-2024-11-11-163944-1.png\" alt=\"\" class=\"wp-image-175\" style=\"width:1010px;height:auto\" srcset=\"https:\/\/biodelicies.com\/wp-content\/uploads\/2024\/11\/captura-de-pantalla-2024-11-11-163944-1.png 531w, https:\/\/biodelicies.com\/wp-content\/uploads\/2024\/11\/captura-de-pantalla-2024-11-11-163944-1-300x233.png 300w\" sizes=\"auto, (max-width: 531px) 100vw, 531px\" \/><\/figure>\n\n\n\n<div style=\"height:100px;width:0px\" aria-hidden=\"true\" class=\"wp-block-spacer wp-container-content-6388d5dc\"><\/div>\n\n\n\n<h2 class=\"wp-block-heading has-text-align-left has-theme-5-color has-text-color has-link-color has-nunito-font-family has-x-large-font-size wp-elements-3efd955943ba4caa280d830f02ca34cf\" style=\"text-transform:none\">Nuestra esencia, aqu\u00ed tenemos cuatro de las \u00faltimas siete generaciones de panaderos.<\/h2>\n<\/div>\n\n\n\n<div style=\"height:100px\" aria-hidden=\"true\" class=\"wp-block-spacer\"><\/div>\n\n\n\n<h1 class=\"wp-block-heading alignwide has-text-align-center has-theme-5-color has-text-color has-link-color has-nunito-font-family has-x-large-font-size wp-elements-41c503c10b49e83f3df5ca1c01cfdec2\"><strong>Algunas de nuestras entrevistas<\/strong><\/h1>\n\n\n\n<div style=\"height:28px\" aria-hidden=\"true\" class=\"wp-block-spacer\"><\/div>\n\n\n\n<style>\n.prensa-mosaico {\n    max-width: 1100px;\n    margin: 0 auto;\n    box-sizing: border-box;\n}\n.prensa-top {\n    width: 100%;\n    margin-bottom: 12px;\n}\n.prensa-top img {\n    display: block;\n    width: 100%;\n    height: auto;\n}\n.prensa-bottom {\n    display: flex;\n    gap: 12px;\n    align-items: flex-start;\n}\n.prensa-bottom-izq {\n    flex: 0 0 76%;\n}\n.prensa-bottom-izq img {\n    display: block;\n    width: 100%;\n    height: auto;\n}\n.prensa-bottom-der {\n    flex: 1;\n}\n.prensa-bottom-der img {\n    display: block;\n    width: 100%;\n    height: auto;\n}\n@media (max-width: 768px) {\n    .prensa-bottom {\n        flex-direction: column;\n    }\n    .prensa-bottom-izq,\n    .prensa-bottom-der {\n        flex: 0 0 100%;\n        width: 100%;\n    }\n}\n<\/style>\n \n<div class=\"prensa-mosaico\">\n    <div class=\"prensa-top\">\n        <img decoding=\"async\" src=\"https:\/\/biodelicies.com\/wp-content\/uploads\/2024\/11\/spiral-2.jpg\" alt=\"Premsa - article 1\">\n    <\/div>\n    <div class=\"prensa-bottom\">\n        <div class=\"prensa-bottom-izq\">\n            <img decoding=\"async\" src=\"https:\/\/biodelicies.com\/wp-content\/uploads\/2024\/11\/montgat-1.jpg\" alt=\"Premsa - article 2\">\n        <\/div>\n        <div class=\"prensa-bottom-der\">\n            <img decoding=\"async\" src=\"https:\/\/biodelicies.com\/wp-content\/uploads\/2024\/11\/regio7-2.png\" alt=\"Premsa - Regi\u00f3 7\">\n        <\/div>\n    <\/div>\n<\/div>\n\n\n<p><!-- \/wp:post-content --><\/p>","protected":false},"excerpt":{"rendered":"<p>1900 CARDONA Los or\u00edgenes de la familia se remontan a Cardona, donde todo comenz\u00f3 con un prop\u00f3sito sencillo pero esencial: elaborar pan para todo el pueblo. Con el uso de amasadoras, ya entonces apostaban por la innovaci\u00f3n dentro de la tradici\u00f3n. Uno de los hijos decidi\u00f3 dar un paso m\u00e1s all\u00e1 y modernizar el oficio [&hellip;]<\/p>\n","protected":false},"author":1,"featured_media":0,"parent":0,"menu_order":0,"comment_status":"closed","ping_status":"closed","template":"","meta":{"footnotes":""},"class_list":["post-144","page","type-page","status-publish","hentry"],"_links":{"self":[{"href":"https:\/\/biodelicies.com\/index.php?rest_route=\/wp\/v2\/pages\/144","targetHints":{"allow":["GET"]}}],"collection":[{"href":"https:\/\/biodelicies.com\/index.php?rest_route=\/wp\/v2\/pages"}],"about":[{"href":"https:\/\/biodelicies.com\/index.php?rest_route=\/wp\/v2\/types\/page"}],"author":[{"embeddable":true,"href":"https:\/\/biodelicies.com\/index.php?rest_route=\/wp\/v2\/users\/1"}],"replies":[{"embeddable":true,"href":"https:\/\/biodelicies.com\/index.php?rest_route=%2Fwp%2Fv2%2Fcomments&post=144"}],"version-history":[{"count":15,"href":"https:\/\/biodelicies.com\/index.php?rest_route=\/wp\/v2\/pages\/144\/revisions"}],"predecessor-version":[{"id":951,"href":"https:\/\/biodelicies.com\/index.php?rest_route=\/wp\/v2\/pages\/144\/revisions\/951"}],"wp:attachment":[{"href":"https:\/\/biodelicies.com\/index.php?rest_route=%2Fwp%2Fv2%2Fmedia&parent=144"}],"curies":[{"name":"wp","href":"https:\/\/api.w.org\/{rel}","templated":true}]}}